{"id":2184,"date":"2025-02-23T03:00:01","date_gmt":"2025-02-23T03:00:01","guid":{"rendered":"https:\/\/ayospc.com\/?page_id=2184"},"modified":"2025-02-23T03:04:07","modified_gmt":"2025-02-23T03:04:07","slug":"free-ocr-reader-text-extractor","status":"publish","type":"page","link":"https:\/\/ayospc.com\/es\/free-ocr-reader-text-extractor\/","title":{"rendered":"Free OCR Reader Text Extractor"},"content":{"rendered":"<p><strong>Free OCR Reader &amp; Text Extractor Online<\/strong><\/p>\n\n\n\n<p>Convert images into editable text effortlessly with our <strong>Free OCR Reader &amp; Text Extractor<\/strong>. This fast and reliable online tool uses advanced <strong>Optical Character Recognition (OCR) technology<\/strong> to scan and extract text from images, PDFs, scanned documents, and screenshots. No software installation or sign-up required\u2014just upload your file and get accurate, editable text in seconds.<\/p>\n\n\n\n<p>Perfect for students, professionals, and businesses looking for a <strong>free OCR solution<\/strong> to digitize printed or handwritten text quickly. Try our <strong>online OCR reader<\/strong> today and streamline your workflow!<\/p>\n\n\n\n<iframe frameborder=\"0\" src=\"https:\/\/ocr-verse.lovable.app\/\" class=\"alignfull\" style=\"width:100%;max-width:100%;height:320px\"><\/iframe>\n\n\n\n<div class=\"wp-block-comments\">\n\n\n\n\n\n\t<div id=\"respond\" class=\"comment-respond wp-block-post-comments-form\">\n\t\t<h2 id=\"reply-title\" class=\"comment-reply-title\">Deja un comentario<span class=\"ct-cancel-reply\"><a rel=\"nofollow\" id=\"cancel-comment-reply-link\" href=\"\/es\/wp-json\/wp\/v2\/pages\/2184#respond\" style=\"display:none;\">Cancelar respuesta<\/a><\/span><\/h2><form action=\"https:\/\/ayospc.com\/wp-comments-post.php\" method=\"post\" id=\"commentform\" class=\"comment-form has-website-field has-labels-outside\" data-trp-original-action=\"https:\/\/ayospc.com\/wp-comments-post.php\"><p class=\"comment-notes\"><span id=\"email-notes\">Tu direcci\u00f3n de correo electr\u00f3nico no ser\u00e1 publicada.<\/span> <span class=\"required-field-message\">Los campos obligatorios est\u00e1n marcados con <span class=\"required\">*<\/span><\/span><\/p><p class=\"comment-form-field-input-author\">\n\t\t\t<label for=\"author\">Nombre <b class=\"required\">&nbsp;*<\/b><\/label>\n\t\t\t<input id=\"author\" name=\"author\" type=\"text\" value=\"\" size=\"30\" required='required'>\n\t\t\t<\/p>\n<p class=\"comment-form-field-input-email\">\n\t\t\t\t<label for=\"email\">Correo electr\u00f3nico <b class=\"required\">&nbsp;*<\/b><\/label>\n\t\t\t\t<input id=\"email\" name=\"email\" type=\"text\" value=\"\" size=\"30\" required='required'>\n\t\t\t<\/p>\n<p class=\"comment-form-field-input-url\">\n\t\t\t\t<label for=\"url\">Web<\/label>\n\t\t\t\t<input id=\"url\" name=\"url\" type=\"text\" value=\"\" size=\"30\">\n\t\t\t\t<\/p>\n<p class=\"comment-form-field-textarea\">\n\t\t\t<label for=\"comment\">A\u00f1adir comentario<b class=\"required\">&nbsp;*<\/b><\/label>\n\t\t\t<textarea id=\"comment\" name=\"comment\" cols=\"45\" rows=\"8\" required=\"required\"><\/textarea>\n\t\t<\/p>\n\t<p class=\"gdpr-confirm-policy\">\n\t\t<input name=\"ct_has_gdprconfirm\" type=\"hidden\" value=\"yes\">\n\t\t<input id=\"gdprconfirm_comment\" class=\"ct-checkbox\" name=\"gdprconfirm\" type=\"checkbox\" required=\"1\"><label for=\"gdprconfirm_comment\">Acepto la <a href=\"https:\/\/ayospc.com\/es\/privacy-policy\/\">Pol\u00edtica de privacidad<\/a><\/label>\n\t<\/p>\n\n\t\n<p class=\"form-submit\"><button type=\"submit\" name=\"submit\" id=\"submit\" class=\"submit\" value=\"Publicar el comentario\">Publicar el comentario<\/button> <input type='hidden' name='comment_post_ID' value='2184' id='comment_post_ID' \/>\n<input type='hidden' name='comment_parent' id='comment_parent' value='0' \/>\n<\/p><input type=\"hidden\" name=\"trp-form-language\" value=\"es\"\/><\/form>\t<\/div><!-- #respond -->\n\t<\/div>","protected":false},"excerpt":{"rendered":"<p>Free OCR Reader &amp; Text Extractor Online Convert images into editable text effortlessly with our Free OCR Reader &amp; Text Extractor. This fast and reliable online tool uses advanced Optical Character Recognition (OCR) technology to scan and extract text from images, PDFs, scanned documents, and screenshots. No software installation or sign-up required\u2014just upload your file [&hellip;]<\/p>","protected":false},"author":1,"featured_media":2185,"parent":0,"menu_order":0,"comment_status":"open","ping_status":"closed","template":"","meta":{"om_disable_all_campaigns":false,"footnotes":""},"class_list":["post-2184","page","type-page","status-publish","has-post-thumbnail","hentry"],"blocksy_meta":[],"yoast_head":"<!-- This site is optimized with the Yoast SEO plugin v26.2 - https:\/\/yoast.com\/wordpress\/plugins\/seo\/ -->\n<title>Free OCR Reader Text Extractor - ayospc<\/title>\n<meta name=\"robots\" content=\"index, follow, max-snippet:-1, max-image-preview:large, max-video-preview:-1\" \/>\n<link rel=\"canonical\" href=\"https:\/\/ayospc.com\/es\/free-ocr-reader-text-extractor\/\" \/>\n<meta property=\"og:locale\" content=\"es_ES\" \/>\n<meta property=\"og:type\" content=\"article\" \/>\n<meta property=\"og:title\" content=\"Free OCR Reader Text Extractor - ayospc\" \/>\n<meta property=\"og:description\" content=\"Free OCR Reader &amp; Text Extractor Online Convert images into editable text effortlessly with our Free OCR Reader &amp; Text Extractor. This fast and reliable online tool uses advanced Optical Character Recognition (OCR) technology to scan and extract text from images, PDFs, scanned documents, and screenshots. No software installation or sign-up required\u2014just upload your file [&hellip;]\" \/>\n<meta property=\"og:url\" content=\"https:\/\/ayospc.com\/es\/free-ocr-reader-text-extractor\/\" \/>\n<meta property=\"og:site_name\" content=\"ayospc\" \/>\n<meta property=\"article:publisher\" content=\"https:\/\/www.facebook.com\/ayospcph\" \/>\n<meta property=\"article:modified_time\" content=\"2025-02-23T03:04:07+00:00\" \/>\n<meta property=\"og:image\" content=\"https:\/\/ayospc.com\/wp-content\/uploads\/2025\/02\/06782223-442d-4b4b-800f-133a2916b7a4.jpg\" \/>\n\t<meta property=\"og:image:width\" content=\"1792\" \/>\n\t<meta property=\"og:image:height\" content=\"1024\" \/>\n\t<meta property=\"og:image:type\" content=\"image\/jpeg\" \/>\n<meta name=\"twitter:card\" content=\"summary_large_image\" \/>\n<meta name=\"twitter:label1\" content=\"Tiempo de lectura\" \/>\n\t<meta name=\"twitter:data1\" content=\"1 minuto\" \/>\n<script type=\"application\/ld+json\" class=\"yoast-schema-graph\">{\"@context\":\"https:\/\/schema.org\",\"@graph\":[{\"@type\":\"WebPage\",\"@id\":\"https:\/\/ayospc.com\/free-ocr-reader-text-extractor\/\",\"url\":\"https:\/\/ayospc.com\/free-ocr-reader-text-extractor\/\",\"name\":\"Free OCR Reader Text Extractor - ayospc\",\"isPartOf\":{\"@id\":\"https:\/\/ayospc.com\/#website\"},\"primaryImageOfPage\":{\"@id\":\"https:\/\/ayospc.com\/free-ocr-reader-text-extractor\/#primaryimage\"},\"image\":{\"@id\":\"https:\/\/ayospc.com\/free-ocr-reader-text-extractor\/#primaryimage\"},\"thumbnailUrl\":\"https:\/\/ayospc.com\/wp-content\/uploads\/2025\/02\/06782223-442d-4b4b-800f-133a2916b7a4.jpg\",\"datePublished\":\"2025-02-23T03:00:01+00:00\",\"dateModified\":\"2025-02-23T03:04:07+00:00\",\"breadcrumb\":{\"@id\":\"https:\/\/ayospc.com\/free-ocr-reader-text-extractor\/#breadcrumb\"},\"inLanguage\":\"es\",\"potentialAction\":[{\"@type\":\"ReadAction\",\"target\":[\"https:\/\/ayospc.com\/free-ocr-reader-text-extractor\/\"]}]},{\"@type\":\"ImageObject\",\"inLanguage\":\"es\",\"@id\":\"https:\/\/ayospc.com\/free-ocr-reader-text-extractor\/#primaryimage\",\"url\":\"https:\/\/ayospc.com\/wp-content\/uploads\/2025\/02\/06782223-442d-4b4b-800f-133a2916b7a4.jpg\",\"contentUrl\":\"https:\/\/ayospc.com\/wp-content\/uploads\/2025\/02\/06782223-442d-4b4b-800f-133a2916b7a4.jpg\",\"width\":1792,\"height\":1024,\"caption\":\"Free OCR reader\"},{\"@type\":\"BreadcrumbList\",\"@id\":\"https:\/\/ayospc.com\/free-ocr-reader-text-extractor\/#breadcrumb\",\"itemListElement\":[{\"@type\":\"ListItem\",\"position\":1,\"name\":\"Home\",\"item\":\"https:\/\/ayospc.com\/\"},{\"@type\":\"ListItem\",\"position\":2,\"name\":\"Free OCR Reader Text Extractor\"}]},{\"@type\":\"WebSite\",\"@id\":\"https:\/\/ayospc.com\/#website\",\"url\":\"https:\/\/ayospc.com\/\",\"name\":\"ayospc\",\"description\":\"&quot;Your go-to resource for computer repair and troubleshooting.&quot;\",\"publisher\":{\"@id\":\"https:\/\/ayospc.com\/#\/schema\/person\/76505d78b598667f882b783d2e3f2622\"},\"potentialAction\":[{\"@type\":\"SearchAction\",\"target\":{\"@type\":\"EntryPoint\",\"urlTemplate\":\"https:\/\/ayospc.com\/?s={search_term_string}\"},\"query-input\":{\"@type\":\"PropertyValueSpecification\",\"valueRequired\":true,\"valueName\":\"search_term_string\"}}],\"inLanguage\":\"es\"},{\"@type\":[\"Person\",\"Organization\"],\"@id\":\"https:\/\/ayospc.com\/#\/schema\/person\/76505d78b598667f882b783d2e3f2622\",\"name\":\"artosien22\",\"image\":{\"@type\":\"ImageObject\",\"inLanguage\":\"es\",\"@id\":\"https:\/\/ayospc.com\/#\/schema\/person\/image\/\",\"url\":\"https:\/\/ayospc.com\/wp-content\/uploads\/2026\/03\/Untitled_design__1_-removebg-preview.png\",\"contentUrl\":\"https:\/\/ayospc.com\/wp-content\/uploads\/2026\/03\/Untitled_design__1_-removebg-preview.png\",\"width\":500,\"height\":500,\"caption\":\"artosien22\"},\"logo\":{\"@id\":\"https:\/\/ayospc.com\/#\/schema\/person\/image\/\"},\"sameAs\":[\"https:\/\/ayospc.com\",\"https:\/\/www.facebook.com\/ayospcph\"]}]}<\/script>\n<!-- \/ Yoast SEO plugin. -->","yoast_head_json":{"title":"Free OCR Reader Text Extractor - ayospc","robots":{"index":"index","follow":"follow","max-snippet":"max-snippet:-1","max-image-preview":"max-image-preview:large","max-video-preview":"max-video-preview:-1"},"canonical":"https:\/\/ayospc.com\/es\/free-ocr-reader-text-extractor\/","og_locale":"es_ES","og_type":"article","og_title":"Free OCR Reader Text Extractor - ayospc","og_description":"Free OCR Reader &amp; Text Extractor Online Convert images into editable text effortlessly with our Free OCR Reader &amp; Text Extractor. This fast and reliable online tool uses advanced Optical Character Recognition (OCR) technology to scan and extract text from images, PDFs, scanned documents, and screenshots. No software installation or sign-up required\u2014just upload your file [&hellip;]","og_url":"https:\/\/ayospc.com\/es\/free-ocr-reader-text-extractor\/","og_site_name":"ayospc","article_publisher":"https:\/\/www.facebook.com\/ayospcph","article_modified_time":"2025-02-23T03:04:07+00:00","og_image":[{"width":1792,"height":1024,"url":"https:\/\/ayospc.com\/wp-content\/uploads\/2025\/02\/06782223-442d-4b4b-800f-133a2916b7a4.jpg","type":"image\/jpeg"}],"twitter_card":"summary_large_image","twitter_misc":{"Tiempo de lectura":"1 minuto"},"schema":{"@context":"https:\/\/schema.org","@graph":[{"@type":"WebPage","@id":"https:\/\/ayospc.com\/free-ocr-reader-text-extractor\/","url":"https:\/\/ayospc.com\/free-ocr-reader-text-extractor\/","name":"Free OCR Reader Text Extractor - ayospc","isPartOf":{"@id":"https:\/\/ayospc.com\/#website"},"primaryImageOfPage":{"@id":"https:\/\/ayospc.com\/free-ocr-reader-text-extractor\/#primaryimage"},"image":{"@id":"https:\/\/ayospc.com\/free-ocr-reader-text-extractor\/#primaryimage"},"thumbnailUrl":"https:\/\/ayospc.com\/wp-content\/uploads\/2025\/02\/06782223-442d-4b4b-800f-133a2916b7a4.jpg","datePublished":"2025-02-23T03:00:01+00:00","dateModified":"2025-02-23T03:04:07+00:00","breadcrumb":{"@id":"https:\/\/ayospc.com\/free-ocr-reader-text-extractor\/#breadcrumb"},"inLanguage":"es","potentialAction":[{"@type":"ReadAction","target":["https:\/\/ayospc.com\/free-ocr-reader-text-extractor\/"]}]},{"@type":"ImageObject","inLanguage":"es","@id":"https:\/\/ayospc.com\/free-ocr-reader-text-extractor\/#primaryimage","url":"https:\/\/ayospc.com\/wp-content\/uploads\/2025\/02\/06782223-442d-4b4b-800f-133a2916b7a4.jpg","contentUrl":"https:\/\/ayospc.com\/wp-content\/uploads\/2025\/02\/06782223-442d-4b4b-800f-133a2916b7a4.jpg","width":1792,"height":1024,"caption":"Free OCR reader"},{"@type":"BreadcrumbList","@id":"https:\/\/ayospc.com\/free-ocr-reader-text-extractor\/#breadcrumb","itemListElement":[{"@type":"ListItem","position":1,"name":"Home","item":"https:\/\/ayospc.com\/"},{"@type":"ListItem","position":2,"name":"Free OCR Reader Text Extractor"}]},{"@type":"WebSite","@id":"https:\/\/ayospc.com\/#website","url":"https:\/\/ayospc.com\/","name":"ayospc","description":"&quot;Your go-to resource for computer repair and troubleshooting.&quot;","publisher":{"@id":"https:\/\/ayospc.com\/#\/schema\/person\/76505d78b598667f882b783d2e3f2622"},"potentialAction":[{"@type":"SearchAction","target":{"@type":"EntryPoint","urlTemplate":"https:\/\/ayospc.com\/?s={search_term_string}"},"query-input":{"@type":"PropertyValueSpecification","valueRequired":true,"valueName":"search_term_string"}}],"inLanguage":"es"},{"@type":["Person","Organization"],"@id":"https:\/\/ayospc.com\/#\/schema\/person\/76505d78b598667f882b783d2e3f2622","name":"artosien22","image":{"@type":"ImageObject","inLanguage":"es","@id":"https:\/\/ayospc.com\/#\/schema\/person\/image\/","url":"https:\/\/ayospc.com\/wp-content\/uploads\/2026\/03\/Untitled_design__1_-removebg-preview.png","contentUrl":"https:\/\/ayospc.com\/wp-content\/uploads\/2026\/03\/Untitled_design__1_-removebg-preview.png","width":500,"height":500,"caption":"artosien22"},"logo":{"@id":"https:\/\/ayospc.com\/#\/schema\/person\/image\/"},"sameAs":["https:\/\/ayospc.com","https:\/\/www.facebook.com\/ayospcph"]}]}},"_links":{"self":[{"href":"https:\/\/ayospc.com\/es\/wp-json\/wp\/v2\/pages\/2184","targetHints":{"allow":["GET"]}}],"collection":[{"href":"https:\/\/ayospc.com\/es\/wp-json\/wp\/v2\/pages"}],"about":[{"href":"https:\/\/ayospc.com\/es\/wp-json\/wp\/v2\/types\/page"}],"author":[{"embeddable":true,"href":"https:\/\/ayospc.com\/es\/wp-json\/wp\/v2\/users\/1"}],"replies":[{"embeddable":true,"href":"https:\/\/ayospc.com\/es\/wp-json\/wp\/v2\/comments?post=2184"}],"version-history":[{"count":2,"href":"https:\/\/ayospc.com\/es\/wp-json\/wp\/v2\/pages\/2184\/revisions"}],"predecessor-version":[{"id":2189,"href":"https:\/\/ayospc.com\/es\/wp-json\/wp\/v2\/pages\/2184\/revisions\/2189"}],"wp:featuredmedia":[{"embeddable":true,"href":"https:\/\/ayospc.com\/es\/wp-json\/wp\/v2\/media\/2185"}],"wp:attachment":[{"href":"https:\/\/ayospc.com\/es\/wp-json\/wp\/v2\/media?parent=2184"}],"curies":[{"name":"wp","href":"https:\/\/api.w.org\/{rel}","templated":true}]}}