{"id":2198,"date":"2025-02-24T13:36:02","date_gmt":"2025-02-24T13:36:02","guid":{"rendered":"https:\/\/ayospc.com\/?page_id=2198"},"modified":"2025-02-24T13:51:55","modified_gmt":"2025-02-24T13:51:55","slug":"character-case-converter-free-online-case-converter-tool","status":"publish","type":"page","link":"https:\/\/ayospc.com\/es\/character-case-converter-free-online-case-converter-tool\/","title":{"rendered":"Character Case Converter \u2013 Free Online Case Converter Tool"},"content":{"rendered":"<h2 class=\"wp-block-heading\"><strong>Convert Text to Uppercase, Lowercase, Title Case &amp; More<\/strong><\/h2>\n\n\n\n<p>Easily change the case of any text with our <strong>Character Case Converter<\/strong>. Whether you need to convert text to <strong>UPPERCASE<\/strong>, <strong>lowercase<\/strong>, <strong>Title Case<\/strong>, or <strong>Sentence case<\/strong>, this free online tool makes it quick and effortless.<\/p>\n\n\n\n<div class=\"wp-block-stackable-columns stk-block-columns stk-block stk-03c85b9\" data-block-id=\"03c85b9\"><div class=\"stk-row stk-inner-blocks stk-block-content stk-content-align stk-03c85b9-column\">\n<div class=\"wp-block-stackable-column stk-block-column stk-column stk-block stk-026a0e3\" data-v=\"4\" data-block-id=\"026a0e3\"><div class=\"stk-column-wrapper stk-block-column__content stk-container stk-026a0e3-container stk--no-background stk--no-padding\"><div class=\"stk-block-content stk-inner-blocks stk-026a0e3-inner-blocks\">\n<details class=\"wp-block-details alignfull is-layout-flow wp-block-details-is-layout-flow\" open><summary><\/summary>\n<iframe frameborder=\"0\" src=\"https:\/\/text-transformer-buddy.lovable.app\/\" class=\"\" style=\"width:100%;max-width:100%;height:320px\"><\/iframe>\n\n\n<div class=\"ct-block-wrapper\">\n\n<h3 class=\"wp-block-heading has-medium-font-size\">Share Box<\/h3>\n\n\n<div class=\"ct-shares-block\">\n\t\t<div class=\"ct-share-box\" data-type=\"type-3\" >\n\t\t\t\n\t\t\t<div data-icons-type=\"simple\" data-color=\"default\">\n\t\t\t\t\t\t\t\n\t\t\t\t<a href=\"https:\/\/www.facebook.com\/sharer\/sharer.php?u=https%3A%2F%2Fayospc.com%2Fes%2Fcharacter-case-converter-free-online-case-converter-tool%2F\" data-network=\"facebook\" aria-label=\"Facebook\" rel=\"noopener noreferrer nofollow\">\n\t\t\t\t\t<span class=\"ct-icon-container\">\n\t\t\t\t\t<svg\n\t\t\t\t\twidth=\"20px\"\n\t\t\t\t\theight=\"20px\"\n\t\t\t\t\tviewbox=\"0 0 20 20\"\n\t\t\t\t\taria-hidden=\"true\">\n\t\t\t\t\t\t<path d=\"M20,10.1c0-5.5-4.5-10-10-10S0,4.5,0,10.1c0,5,3.7,9.1,8.4,9.9v-7H5.9v-2.9h2.5V7.9C8.4,5.4,9.9,4,12.2,4c1.1,0,2.2,0.2,2.2,0.2v2.5h-1.3c-1.2,0-1.6,0.8-1.6,1.6v1.9h2.8L13.9,13h-2.3v7C16.3,19.2,20,15.1,20,10.1z\"\/>\n\t\t\t\t\t<\/svg>\n\t\t\t\t<\/span>\t\t\t\t<\/a>\n\t\t\t\t\t\t\t\n\t\t\t\t<a href=\"https:\/\/twitter.com\/intent\/tweet?url=https%3A%2F%2Fayospc.com%2Fes%2Fcharacter-case-converter-free-online-case-converter-tool%2F&amp;text=Character%20Case%20Converter%20%E2%80%93%20Free%20Online%20Case%20Converter%20Tool\" data-network=\"twitter\" aria-label=\"X (Twitter)\" rel=\"noopener noreferrer nofollow\">\n\t\t\t\t\t<span class=\"ct-icon-container\">\n\t\t\t\t\t<svg\n\t\t\t\t\twidth=\"20px\"\n\t\t\t\t\theight=\"20px\"\n\t\t\t\t\tviewbox=\"0 0 20 20\"\n\t\t\t\t\taria-hidden=\"true\">\n\t\t\t\t\t\t<path d=\"M2.9 0C1.3 0 0 1.3 0 2.9v14.3C0 18.7 1.3 20 2.9 20h14.3c1.6 0 2.9-1.3 2.9-2.9V2.9C20 1.3 18.7 0 17.1 0H2.9zm13.2 3.8L11.5 9l5.5 7.2h-4.3l-3.3-4.4-3.8 4.4H3.4l5-5.7-5.3-6.7h4.4l3 4 3.5-4h2.1zM14.4 15 6.8 5H5.6l7.7 10h1.1z\"\/>\n\t\t\t\t\t<\/svg>\n\t\t\t\t<\/span>\t\t\t\t<\/a>\n\t\t\t\t\t\t\t\n\t\t\t\t<a href=\"#\" data-network=\"pinterest\" aria-label=\"Pinterest\" rel=\"noopener noreferrer nofollow\">\n\t\t\t\t\t<span class=\"ct-icon-container\">\n\t\t\t\t\t<svg\n\t\t\t\t\twidth=\"20px\"\n\t\t\t\t\theight=\"20px\"\n\t\t\t\t\tviewbox=\"0 0 20 20\"\n\t\t\t\t\taria-hidden=\"true\">\n\t\t\t\t\t\t<path d=\"M10,0C4.5,0,0,4.5,0,10c0,4.1,2.5,7.6,6,9.2c0-0.7,0-1.5,0.2-2.3c0.2-0.8,1.3-5.4,1.3-5.4s-0.3-0.6-0.3-1.6c0-1.5,0.9-2.6,1.9-2.6c0.9,0,1.3,0.7,1.3,1.5c0,0.9-0.6,2.3-0.9,3.5c-0.3,1.1,0.5,1.9,1.6,1.9c1.9,0,3.2-2.4,3.2-5.3c0-2.2-1.5-3.8-4.2-3.8c-3,0-4.9,2.3-4.9,4.8c0,0.9,0.3,1.5,0.7,2C6,12,6.1,12.1,6,12.4c0,0.2-0.2,0.6-0.2,0.8c-0.1,0.3-0.3,0.3-0.5,0.3c-1.4-0.6-2-2.1-2-3.8c0-2.8,2.4-6.2,7.1-6.2c3.8,0,6.3,2.8,6.3,5.7c0,3.9-2.2,6.9-5.4,6.9c-1.1,0-2.1-0.6-2.4-1.2c0,0-0.6,2.3-0.7,2.7c-0.2,0.8-0.6,1.5-1,2.1C8.1,19.9,9,20,10,20c5.5,0,10-4.5,10-10C20,4.5,15.5,0,10,0z\"\/>\n\t\t\t\t\t<\/svg>\n\t\t\t\t<\/span>\t\t\t\t<\/a>\n\t\t\t\t\t\t\t\n\t\t\t\t<a href=\"https:\/\/www.linkedin.com\/shareArticle?url=https%3A%2F%2Fayospc.com%2Fes%2Fcharacter-case-converter-free-online-case-converter-tool%2F&amp;title=Character%20Case%20Converter%20%E2%80%93%20Free%20Online%20Case%20Converter%20Tool\" data-network=\"linkedin\" aria-label=\"LinkedIn\" rel=\"noopener noreferrer nofollow\">\n\t\t\t\t\t<span class=\"ct-icon-container\">\n\t\t\t\t\t<svg\n\t\t\t\t\twidth=\"20px\"\n\t\t\t\t\theight=\"20px\"\n\t\t\t\t\tviewbox=\"0 0 20 20\"\n\t\t\t\t\taria-hidden=\"true\">\n\t\t\t\t\t\t<path d=\"M18.6,0H1.4C0.6,0,0,0.6,0,1.4v17.1C0,19.4,0.6,20,1.4,20h17.1c0.8,0,1.4-0.6,1.4-1.4V1.4C20,0.6,19.4,0,18.6,0z M6,17.1h-3V7.6h3L6,17.1L6,17.1zM4.6,6.3c-1,0-1.7-0.8-1.7-1.7s0.8-1.7,1.7-1.7c0.9,0,1.7,0.8,1.7,1.7C6.3,5.5,5.5,6.3,4.6,6.3z M17.2,17.1h-3v-4.6c0-1.1,0-2.5-1.5-2.5c-1.5,0-1.8,1.2-1.8,2.5v4.7h-3V7.6h2.8v1.3h0c0.4-0.8,1.4-1.5,2.8-1.5c3,0,3.6,2,3.6,4.5V17.1z\"\/>\n\t\t\t\t\t<\/svg>\n\t\t\t\t<\/span>\t\t\t\t<\/a>\n\t\t\t\n\t\t\t<\/div>\n\t\t\t\t\t<\/div>\n\n\t<\/div>\n<\/div><\/details>\n<\/div><\/div><\/div>\n<\/div><\/div>\n\n\n\n<h3 class=\"wp-block-heading\"><strong>Key Features:<\/strong><\/h3>\n\n\n\n<p>\u2705 <strong>Instant Case Conversion<\/strong> \u2013 Convert text in real-time with a single click.<br>\u2705 <strong>Multiple Case Options<\/strong> \u2013 Supports <strong>UPPERCASE<\/strong>, <strong>lowercase<\/strong>, <strong>Title Case<\/strong>, <strong>Sentence case<\/strong>, and more.<br>\u2705 <strong>Simple &amp; Fast<\/strong> \u2013 No installations required, works directly in your browser.<br>\u2705 <strong>Copy with One Click<\/strong> \u2013 Easily copy the converted text for use in documents, emails, or social media.<br>\u2705 <strong>Free &amp; Secure<\/strong> \u2013 100% free to use with no data tracking or storage.<\/p>\n\n\n\n<h3 class=\"wp-block-heading\"><strong>How to Use the Character Case Converter:<\/strong><\/h3>\n\n\n\n<ol class=\"wp-block-list\">\n<li>Paste or type your text into the input box.<\/li>\n\n\n\n<li>Select the desired case format (Uppercase, Lowercase, Title Case, etc.).<\/li>\n\n\n\n<li>Click the <strong>Convert<\/strong> button to change the text format instantly.<\/li>\n\n\n\n<li>Copy the converted text and use it anywhere.<\/li>\n<\/ol>\n\n\n\n<h3 class=\"wp-block-heading\"><strong>Why Use Our Case Converter?<\/strong><\/h3>\n\n\n\n<p>Our <strong>Character Case Converter<\/strong> is the perfect tool for writers, students, programmers, and anyone who needs to quickly format text. Whether you&#8217;re editing a document, formatting code, or preparing content for social media, this tool saves you time and effort.<\/p>\n\n\n\n<h3 class=\"wp-block-heading\"><strong>Try the Best Online Character Case Converter Today!<\/strong><\/h3>\n\n\n\n<p>No sign-ups, no downloads\u2014just a fast and easy way to change text case online. Use our <strong>Character Case Converter<\/strong> now and simplify your text formatting tasks!<\/p>\n\n\n\t<div id=\"respond\" class=\"comment-respond wp-block-post-comments-form\">\n\t\t<h2 id=\"reply-title\" class=\"comment-reply-title\">Deja un comentario<span class=\"ct-cancel-reply\"><a rel=\"nofollow\" id=\"cancel-comment-reply-link\" href=\"\/es\/wp-json\/wp\/v2\/pages\/2198#respond\" style=\"display:none;\">Cancelar respuesta<\/a><\/span><\/h2><form action=\"https:\/\/ayospc.com\/wp-comments-post.php\" method=\"post\" id=\"commentform\" class=\"comment-form has-website-field has-labels-outside\" data-trp-original-action=\"https:\/\/ayospc.com\/wp-comments-post.php\"><p class=\"comment-notes\"><span id=\"email-notes\">Tu direcci\u00f3n de correo electr\u00f3nico no ser\u00e1 publicada.<\/span> <span class=\"required-field-message\">Los campos obligatorios est\u00e1n marcados con <span class=\"required\">*<\/span><\/span><\/p><p class=\"comment-form-field-input-author\">\n\t\t\t<label for=\"author\">Nombre <b class=\"required\">&nbsp;*<\/b><\/label>\n\t\t\t<input id=\"author\" name=\"author\" type=\"text\" value=\"\" size=\"30\" required='required'>\n\t\t\t<\/p>\n<p class=\"comment-form-field-input-email\">\n\t\t\t\t<label for=\"email\">Correo electr\u00f3nico <b class=\"required\">&nbsp;*<\/b><\/label>\n\t\t\t\t<input id=\"email\" name=\"email\" type=\"text\" value=\"\" size=\"30\" required='required'>\n\t\t\t<\/p>\n<p class=\"comment-form-field-input-url\">\n\t\t\t\t<label for=\"url\">Web<\/label>\n\t\t\t\t<input id=\"url\" name=\"url\" type=\"text\" value=\"\" size=\"30\">\n\t\t\t\t<\/p>\n<p class=\"comment-form-field-textarea\">\n\t\t\t<label for=\"comment\">A\u00f1adir comentario<b class=\"required\">&nbsp;*<\/b><\/label>\n\t\t\t<textarea id=\"comment\" name=\"comment\" cols=\"45\" rows=\"8\" required=\"required\"><\/textarea>\n\t\t<\/p>\n\t<p class=\"gdpr-confirm-policy\">\n\t\t<input name=\"ct_has_gdprconfirm\" type=\"hidden\" value=\"yes\">\n\t\t<input id=\"gdprconfirm_comment\" class=\"ct-checkbox\" name=\"gdprconfirm\" type=\"checkbox\" required=\"1\"><label for=\"gdprconfirm_comment\">Acepto la <a href=\"https:\/\/ayospc.com\/es\/privacy-policy\/\">Pol\u00edtica de privacidad<\/a><\/label>\n\t<\/p>\n\n\t\n<p class=\"form-submit\"><button type=\"submit\" name=\"submit\" id=\"submit\" class=\"submit\" value=\"Publicar el comentario\">Publicar el comentario<\/button> <input type='hidden' name='comment_post_ID' value='2198' id='comment_post_ID' \/>\n<input type='hidden' name='comment_parent' id='comment_parent' value='0' \/>\n<\/p><input type=\"hidden\" name=\"trp-form-language\" value=\"es\"\/><\/form>\t<\/div><!-- #respond -->","protected":false},"excerpt":{"rendered":"<p>Convert Text to Uppercase, Lowercase, Title Case &amp; More Easily change the case of any text with our Character Case Converter. Whether you need to convert text to UPPERCASE, lowercase, Title Case, or Sentence case, this free online tool makes it quick and effortless. Key Features: \u2705 Instant Case Conversion \u2013 Convert text in real-time [&hellip;]<\/p>","protected":false},"author":1,"featured_media":0,"parent":0,"menu_order":0,"comment_status":"open","ping_status":"closed","template":"","meta":{"om_disable_all_campaigns":false,"footnotes":""},"class_list":["post-2198","page","type-page","status-publish","hentry"],"blocksy_meta":[],"yoast_head":"<!-- This site is optimized with the Yoast SEO plugin v26.2 - https:\/\/yoast.com\/wordpress\/plugins\/seo\/ -->\n<title>Character Case Converter \u2013 Free Online Case Converter Tool - ayospc<\/title>\n<meta name=\"description\" content=\"Our Character Case Converter is the perfect tool for writers, students, programmers, and anyone who needs to quickly format text.\" \/>\n<meta name=\"robots\" content=\"index, follow, max-snippet:-1, max-image-preview:large, max-video-preview:-1\" \/>\n<link rel=\"canonical\" href=\"https:\/\/ayospc.com\/es\/character-case-converter-free-online-case-converter-tool\/\" \/>\n<meta property=\"og:locale\" content=\"es_ES\" \/>\n<meta property=\"og:type\" content=\"article\" \/>\n<meta property=\"og:title\" content=\"Character Case Converter \u2013 Free Online Case Converter Tool - ayospc\" \/>\n<meta property=\"og:description\" content=\"Our Character Case Converter is the perfect tool for writers, students, programmers, and anyone who needs to quickly format text.\" \/>\n<meta property=\"og:url\" content=\"https:\/\/ayospc.com\/es\/character-case-converter-free-online-case-converter-tool\/\" \/>\n<meta property=\"og:site_name\" content=\"ayospc\" \/>\n<meta property=\"article:publisher\" content=\"https:\/\/www.facebook.com\/ayospcph\" \/>\n<meta property=\"article:modified_time\" content=\"2025-02-24T13:51:55+00:00\" \/>\n<meta property=\"og:image\" content=\"https:\/\/ayospc.com\/wp-content\/uploads\/2023\/02\/cropped-ayo-pc-site-icon.png\" \/>\n\t<meta property=\"og:image:width\" content=\"512\" \/>\n\t<meta property=\"og:image:height\" content=\"512\" \/>\n\t<meta property=\"og:image:type\" content=\"image\/png\" \/>\n<meta name=\"twitter:card\" content=\"summary_large_image\" \/>\n<meta name=\"twitter:label1\" content=\"Tiempo de lectura\" \/>\n\t<meta name=\"twitter:data1\" content=\"2 minutos\" \/>\n<script type=\"application\/ld+json\" class=\"yoast-schema-graph\">{\"@context\":\"https:\/\/schema.org\",\"@graph\":[{\"@type\":\"WebPage\",\"@id\":\"https:\/\/ayospc.com\/character-case-converter-free-online-case-converter-tool\/\",\"url\":\"https:\/\/ayospc.com\/character-case-converter-free-online-case-converter-tool\/\",\"name\":\"Character Case Converter \u2013 Free Online Case Converter Tool - ayospc\",\"isPartOf\":{\"@id\":\"https:\/\/ayospc.com\/#website\"},\"datePublished\":\"2025-02-24T13:36:02+00:00\",\"dateModified\":\"2025-02-24T13:51:55+00:00\",\"description\":\"Our Character Case Converter is the perfect tool for writers, students, programmers, and anyone who needs to quickly format text.\",\"breadcrumb\":{\"@id\":\"https:\/\/ayospc.com\/character-case-converter-free-online-case-converter-tool\/#breadcrumb\"},\"inLanguage\":\"es\",\"potentialAction\":[{\"@type\":\"ReadAction\",\"target\":[\"https:\/\/ayospc.com\/character-case-converter-free-online-case-converter-tool\/\"]}]},{\"@type\":\"BreadcrumbList\",\"@id\":\"https:\/\/ayospc.com\/character-case-converter-free-online-case-converter-tool\/#breadcrumb\",\"itemListElement\":[{\"@type\":\"ListItem\",\"position\":1,\"name\":\"Home\",\"item\":\"https:\/\/ayospc.com\/\"},{\"@type\":\"ListItem\",\"position\":2,\"name\":\"Character Case Converter \u2013 Free Online Case Converter Tool\"}]},{\"@type\":\"WebSite\",\"@id\":\"https:\/\/ayospc.com\/#website\",\"url\":\"https:\/\/ayospc.com\/\",\"name\":\"ayospc\",\"description\":\"&quot;Your go-to resource for computer repair and troubleshooting.&quot;\",\"publisher\":{\"@id\":\"https:\/\/ayospc.com\/#\/schema\/person\/76505d78b598667f882b783d2e3f2622\"},\"potentialAction\":[{\"@type\":\"SearchAction\",\"target\":{\"@type\":\"EntryPoint\",\"urlTemplate\":\"https:\/\/ayospc.com\/?s={search_term_string}\"},\"query-input\":{\"@type\":\"PropertyValueSpecification\",\"valueRequired\":true,\"valueName\":\"search_term_string\"}}],\"inLanguage\":\"es\"},{\"@type\":[\"Person\",\"Organization\"],\"@id\":\"https:\/\/ayospc.com\/#\/schema\/person\/76505d78b598667f882b783d2e3f2622\",\"name\":\"artosien22\",\"image\":{\"@type\":\"ImageObject\",\"inLanguage\":\"es\",\"@id\":\"https:\/\/ayospc.com\/#\/schema\/person\/image\/\",\"url\":\"https:\/\/ayospc.com\/wp-content\/uploads\/2026\/03\/Untitled_design__1_-removebg-preview.png\",\"contentUrl\":\"https:\/\/ayospc.com\/wp-content\/uploads\/2026\/03\/Untitled_design__1_-removebg-preview.png\",\"width\":500,\"height\":500,\"caption\":\"artosien22\"},\"logo\":{\"@id\":\"https:\/\/ayospc.com\/#\/schema\/person\/image\/\"},\"sameAs\":[\"https:\/\/ayospc.com\",\"https:\/\/www.facebook.com\/ayospcph\"]}]}<\/script>\n<!-- \/ Yoast SEO plugin. -->","yoast_head_json":{"title":"Character Case Converter \u2013 Free Online Case Converter Tool - ayospc","description":"Our Character Case Converter is the perfect tool for writers, students, programmers, and anyone who needs to quickly format text.","robots":{"index":"index","follow":"follow","max-snippet":"max-snippet:-1","max-image-preview":"max-image-preview:large","max-video-preview":"max-video-preview:-1"},"canonical":"https:\/\/ayospc.com\/es\/character-case-converter-free-online-case-converter-tool\/","og_locale":"es_ES","og_type":"article","og_title":"Character Case Converter \u2013 Free Online Case Converter Tool - ayospc","og_description":"Our Character Case Converter is the perfect tool for writers, students, programmers, and anyone who needs to quickly format text.","og_url":"https:\/\/ayospc.com\/es\/character-case-converter-free-online-case-converter-tool\/","og_site_name":"ayospc","article_publisher":"https:\/\/www.facebook.com\/ayospcph","article_modified_time":"2025-02-24T13:51:55+00:00","og_image":[{"width":512,"height":512,"url":"https:\/\/ayospc.com\/wp-content\/uploads\/2023\/02\/cropped-ayo-pc-site-icon.png","type":"image\/png"}],"twitter_card":"summary_large_image","twitter_misc":{"Tiempo de lectura":"2 minutos"},"schema":{"@context":"https:\/\/schema.org","@graph":[{"@type":"WebPage","@id":"https:\/\/ayospc.com\/character-case-converter-free-online-case-converter-tool\/","url":"https:\/\/ayospc.com\/character-case-converter-free-online-case-converter-tool\/","name":"Character Case Converter \u2013 Free Online Case Converter Tool - ayospc","isPartOf":{"@id":"https:\/\/ayospc.com\/#website"},"datePublished":"2025-02-24T13:36:02+00:00","dateModified":"2025-02-24T13:51:55+00:00","description":"Our Character Case Converter is the perfect tool for writers, students, programmers, and anyone who needs to quickly format text.","breadcrumb":{"@id":"https:\/\/ayospc.com\/character-case-converter-free-online-case-converter-tool\/#breadcrumb"},"inLanguage":"es","potentialAction":[{"@type":"ReadAction","target":["https:\/\/ayospc.com\/character-case-converter-free-online-case-converter-tool\/"]}]},{"@type":"BreadcrumbList","@id":"https:\/\/ayospc.com\/character-case-converter-free-online-case-converter-tool\/#breadcrumb","itemListElement":[{"@type":"ListItem","position":1,"name":"Home","item":"https:\/\/ayospc.com\/"},{"@type":"ListItem","position":2,"name":"Character Case Converter \u2013 Free Online Case Converter Tool"}]},{"@type":"WebSite","@id":"https:\/\/ayospc.com\/#website","url":"https:\/\/ayospc.com\/","name":"ayospc","description":"&quot;Your go-to resource for computer repair and troubleshooting.&quot;","publisher":{"@id":"https:\/\/ayospc.com\/#\/schema\/person\/76505d78b598667f882b783d2e3f2622"},"potentialAction":[{"@type":"SearchAction","target":{"@type":"EntryPoint","urlTemplate":"https:\/\/ayospc.com\/?s={search_term_string}"},"query-input":{"@type":"PropertyValueSpecification","valueRequired":true,"valueName":"search_term_string"}}],"inLanguage":"es"},{"@type":["Person","Organization"],"@id":"https:\/\/ayospc.com\/#\/schema\/person\/76505d78b598667f882b783d2e3f2622","name":"artosien22","image":{"@type":"ImageObject","inLanguage":"es","@id":"https:\/\/ayospc.com\/#\/schema\/person\/image\/","url":"https:\/\/ayospc.com\/wp-content\/uploads\/2026\/03\/Untitled_design__1_-removebg-preview.png","contentUrl":"https:\/\/ayospc.com\/wp-content\/uploads\/2026\/03\/Untitled_design__1_-removebg-preview.png","width":500,"height":500,"caption":"artosien22"},"logo":{"@id":"https:\/\/ayospc.com\/#\/schema\/person\/image\/"},"sameAs":["https:\/\/ayospc.com","https:\/\/www.facebook.com\/ayospcph"]}]}},"_links":{"self":[{"href":"https:\/\/ayospc.com\/es\/wp-json\/wp\/v2\/pages\/2198","targetHints":{"allow":["GET"]}}],"collection":[{"href":"https:\/\/ayospc.com\/es\/wp-json\/wp\/v2\/pages"}],"about":[{"href":"https:\/\/ayospc.com\/es\/wp-json\/wp\/v2\/types\/page"}],"author":[{"embeddable":true,"href":"https:\/\/ayospc.com\/es\/wp-json\/wp\/v2\/users\/1"}],"replies":[{"embeddable":true,"href":"https:\/\/ayospc.com\/es\/wp-json\/wp\/v2\/comments?post=2198"}],"version-history":[{"count":2,"href":"https:\/\/ayospc.com\/es\/wp-json\/wp\/v2\/pages\/2198\/revisions"}],"predecessor-version":[{"id":2201,"href":"https:\/\/ayospc.com\/es\/wp-json\/wp\/v2\/pages\/2198\/revisions\/2201"}],"wp:attachment":[{"href":"https:\/\/ayospc.com\/es\/wp-json\/wp\/v2\/media?parent=2198"}],"curies":[{"name":"wp","href":"https:\/\/api.w.org\/{rel}","templated":true}]}}